{"id":42315,"date":"2023-03-10T01:17:47","date_gmt":"2023-03-10T06:17:47","guid":{"rendered":"https:\/\/www.consoleconnect.com\/noticias\/"},"modified":"2024-02-06T07:22:57","modified_gmt":"2024-02-06T12:22:57","slug":"noticias","status":"publish","type":"page","link":"https:\/\/www.consoleconnect.com\/pt-pt\/noticias\/","title":{"rendered":"Not\u00edcias"},"content":{"rendered":"[vc_row type=&#8221;full_width_background&#8221; full_screen_row_position=&#8221;middle&#8221; column_margin=&#8221;default&#8221; column_direction=&#8221;default&#8221; column_direction_tablet=&#8221;default&#8221; column_direction_phone=&#8221;default&#8221; bg_color=&#8221;#e8edef&#8221; scene_position=&#8221;center&#8221; top_padding=&#8221;200&#8243; bottom_padding=&#8221;100&#8243; top_padding_tablet=&#8221;100&#8243; bottom_padding_tablet=&#8221;100&#8243; top_padding_phone=&#8221;100&#8243; bottom_padding_phone=&#8221;100&#8243; text_color=&#8221;dark&#8221; text_align=&#8221;left&#8221; row_border_radius=&#8221;none&#8221; row_border_radius_applies=&#8221;bg&#8221; zindex=&#8221;1&#8243; class=&#8221;news-hero-banner&#8221; overlay_strength=&#8221;0.3&#8243; gradient_direction=&#8221;left_to_right&#8221; shape_divider_position=&#8221;bottom&#8221; bg_image_animation=&#8221;none&#8221; shape_type=&#8221;&#8221;][vc_column column_padding=&#8221;no-extra-padding&#8221; column_padding_tablet=&#8221;inherit&#8221; column_padding_phone=&#8221;inherit&#8221; column_padding_position=&#8221;all&#8221; background_color_opacity=&#8221;1&#8243; background_hover_color_opacity=&#8221;1&#8243; column_shadow=&#8221;none&#8221; column_border_radius=&#8221;none&#8221; column_link_target=&#8221;_self&#8221; el_class=&#8221;hero-banner-text&#8221; gradient_direction=&#8221;left_to_right&#8221; overlay_strength=&#8221;0.3&#8243; width=&#8221;1\/1&#8243; tablet_width_inherit=&#8221;default&#8221; tablet_text_alignment=&#8221;default&#8221; phone_text_alignment=&#8221;default&#8221; column_border_width=&#8221;none&#8221; column_border_style=&#8221;solid&#8221; bg_image_animation=&#8221;none&#8221;][vc_column_text css=&#8221;.vc_custom_1678442691624{padding-top: 10px !important;padding-bottom: 30px !important;}&#8221;]\n<h1>\u00daltimas <span style=\"font-weight: 800;\"> not\u00edcias<\/span><\/h1>\n[\/vc_column_text][vc_column_text]\n<h3 style=\"text-align: left; color: #16263f !important; font-weight: 400; font-size: 16px; line-height: 28px;\">As \u00faltimas novidades e tend\u00eancias em Software<br \/>\nDefined Interconnection\u00ae.<\/h3>\n[\/vc_column_text][\/vc_column][\/vc_row][vc_row type=&#8221;full_width_content&#8221; full_screen_row_position=&#8221;middle&#8221; column_margin=&#8221;default&#8221; column_direction=&#8221;default&#8221; column_direction_tablet=&#8221;default&#8221; column_direction_phone=&#8221;default&#8221; bg_color=&#8221;#e8edef&#8221; scene_position=&#8221;center&#8221; text_color=&#8221;dark&#8221; text_align=&#8221;left&#8221; row_border_radius=&#8221;none&#8221; row_border_radius_applies=&#8221;bg&#8221; class=&#8221;desktop-display-block&#8221; overlay_strength=&#8221;0.3&#8243; gradient_direction=&#8221;left_to_right&#8221; shape_divider_position=&#8221;bottom&#8221; bg_image_animation=&#8221;none&#8221; shape_type=&#8221;&#8221;][vc_column column_padding=&#8221;no-extra-padding&#8221; column_padding_tablet=&#8221;inherit&#8221; column_padding_phone=&#8221;inherit&#8221; column_padding_position=&#8221;all&#8221; background_color_opacity=&#8221;1&#8243; background_hover_color_opacity=&#8221;1&#8243; column_shadow=&#8221;none&#8221; column_border_radius=&#8221;none&#8221; column_link_target=&#8221;_self&#8221; gradient_direction=&#8221;left_to_right&#8221; overlay_strength=&#8221;0.3&#8243; width=&#8221;1\/1&#8243; tablet_width_inherit=&#8221;default&#8221; tablet_text_alignment=&#8221;default&#8221; phone_text_alignment=&#8221;default&#8221; column_border_width=&#8221;none&#8221; column_border_style=&#8221;solid&#8221; bg_image_animation=&#8221;none&#8221;][vc_row_inner column_margin=&#8221;default&#8221; column_direction=&#8221;default&#8221; column_direction_tablet=&#8221;default&#8221; column_direction_phone=&#8221;default&#8221; text_align=&#8221;left&#8221;][vc_column_inner column_padding=&#8221;no-extra-padding&#8221; column_padding_tablet=&#8221;inherit&#8221; column_padding_phone=&#8221;inherit&#8221; column_padding_position=&#8221;all&#8221; background_color_opacity=&#8221;1&#8243; background_hover_color_opacity=&#8221;1&#8243; column_shadow=&#8221;none&#8221; column_border_radius=&#8221;none&#8221; column_link_target=&#8221;_self&#8221; gradient_direction=&#8221;left_to_right&#8221; overlay_strength=&#8221;0.3&#8243; width=&#8221;1\/1&#8243; tablet_width_inherit=&#8221;default&#8221; column_border_width=&#8221;none&#8221; column_border_style=&#8221;solid&#8221; bg_image_animation=&#8221;none&#8221;][image_with_animation image_url=&#8221;18458&#8243; animation=&#8221;Fade In&#8221; hover_animation=&#8221;none&#8221; alignment=&#8221;&#8221; border_radius=&#8221;none&#8221; box_shadow=&#8221;none&#8221; image_loading=&#8221;default&#8221; max_width=&#8221;100%&#8221; max_width_mobile=&#8221;default&#8221; el_class=&#8221;news-background-img1&#8243;][\/vc_column_inner][\/vc_row_inner][\/vc_column][\/vc_row][vc_row type=&#8221;full_width_background&#8221; full_screen_row_position=&#8221;middle&#8221; column_margin=&#8221;default&#8221; column_direction=&#8221;default&#8221; column_direction_tablet=&#8221;default&#8221; column_direction_phone=&#8221;default&#8221; bg_color=&#8221;#e8edef&#8221; scene_position=&#8221;center&#8221; bottom_padding=&#8221;80&#8243; bottom_padding_tablet=&#8221;0&#8243; bottom_padding_phone=&#8221;0&#8243; text_color=&#8221;dark&#8221; text_align=&#8221;left&#8221; row_border_radius=&#8221;none&#8221; row_border_radius_applies=&#8221;bg&#8221; class=&#8221;news-blog-section&#8221; overlay_strength=&#8221;0.3&#8243; gradient_direction=&#8221;left_to_right&#8221; shape_divider_position=&#8221;bottom&#8221; bg_image_animation=&#8221;none&#8221; shape_type=&#8221;&#8221;][vc_column column_padding=&#8221;no-extra-padding&#8221; column_padding_tablet=&#8221;inherit&#8221; column_padding_phone=&#8221;inherit&#8221; column_padding_position=&#8221;all&#8221; background_color_opacity=&#8221;1&#8243; background_hover_color_opacity=&#8221;1&#8243; column_shadow=&#8221;none&#8221; column_border_radius=&#8221;none&#8221; column_link_target=&#8221;_self&#8221; gradient_direction=&#8221;left_to_right&#8221; overlay_strength=&#8221;0.3&#8243; width=&#8221;1\/1&#8243; tablet_width_inherit=&#8221;default&#8221; tablet_text_alignment=&#8221;default&#8221; phone_text_alignment=&#8221;default&#8221; column_border_width=&#8221;none&#8221; column_border_style=&#8221;solid&#8221; bg_image_animation=&#8221;none&#8221;][nectar_blog layout=&#8221;masonry-blog-fullwidth&#8221; blog_masonry_style=&#8221;material&#8221; load_in_animation=&#8221;fade_in&#8221; category=&#8221;all&#8221; enable_pagination=&#8221;true&#8221; pagination_type=&#8221;infinite_scroll&#8221; order=&#8221;DESC&#8221; orderby=&#8221;date&#8221; blog_remove_post_author=&#8221;true&#8221; blog_remove_post_comment_number=&#8221;true&#8221; blog_remove_post_nectar_love=&#8221;true&#8221; posts_per_page=&#8221;9&#8243;][\/vc_column][\/vc_row][vc_row type=&#8221;full_width_content&#8221; full_screen_row_position=&#8221;middle&#8221; column_margin=&#8221;default&#8221; column_direction=&#8221;default&#8221; column_direction_tablet=&#8221;default&#8221; column_direction_phone=&#8221;default&#8221; bg_color=&#8221;#e8edef&#8221; scene_position=&#8221;center&#8221; text_color=&#8221;dark&#8221; text_align=&#8221;left&#8221; row_border_radius=&#8221;none&#8221; row_border_radius_applies=&#8221;bg&#8221; zindex=&#8221;1&#8243; overlay_strength=&#8221;0.3&#8243; gradient_direction=&#8221;left_to_right&#8221; shape_divider_position=&#8221;bottom&#8221; bg_image_animation=&#8221;none&#8221; shape_type=&#8221;&#8221;][vc_column column_padding=&#8221;no-extra-padding&#8221; column_padding_tablet=&#8221;inherit&#8221; column_padding_phone=&#8221;inherit&#8221; column_padding_position=&#8221;all&#8221; background_color_opacity=&#8221;1&#8243; background_hover_color_opacity=&#8221;1&#8243; column_shadow=&#8221;none&#8221; column_border_radius=&#8221;none&#8221; column_link_target=&#8221;_self&#8221; gradient_direction=&#8221;left_to_right&#8221; overlay_strength=&#8221;0.3&#8243; width=&#8221;1\/1&#8243; tablet_width_inherit=&#8221;default&#8221; tablet_text_alignment=&#8221;default&#8221; phone_text_alignment=&#8221;default&#8221; column_border_width=&#8221;none&#8221; column_border_style=&#8221;solid&#8221; bg_image_animation=&#8221;none&#8221;][image_with_animation image_url=&#8221;19098&#8243; animation=&#8221;Fade In&#8221; hover_animation=&#8221;none&#8221; alignment=&#8221;&#8221; border_radius=&#8221;none&#8221; box_shadow=&#8221;none&#8221; image_loading=&#8221;default&#8221; max_width=&#8221;100%&#8221; max_width_mobile=&#8221;default&#8221; el_class=&#8221;news-background-img2&#8243;][\/vc_column][\/vc_row]\n<div id=\"excerpt\" class=\"memsource-post-attribute\">\n<div class=\"memsource-post-attribute-end\"><\/div>\n<\/div>\n","protected":false},"excerpt":{"rendered":"<p>[vc_row type=&#8221;full_width_background&#8221; full_screen_row_position=&#8221;middle&#8221; column_margin=&#8221;default&#8221; column_direction=&#8221;default&#8221; column_direction_tablet=&#8221;default&#8221; column_direction_phone=&#8221;default&#8221; bg_color=&#8221;#e8edef&#8221; scene_position=&#8221;center&#8221; top_padding=&#8221;200&#8243; bottom_padding=&#8221;100&#8243; top_padding_tablet=&#8221;100&#8243; bottom_padding_tablet=&#8221;100&#8243; top_padding_phone=&#8221;100&#8243; bottom_padding_phone=&#8221;100&#8243; text_color=&#8221;dark&#8221; text_align=&#8221;left&#8221; row_border_radius=&#8221;none&#8221; row_border_radius_applies=&#8221;bg&#8221; zindex=&#8221;1&#8243; class=&#8221;news-hero-banner&#8221; overlay_strength=&#8221;0.3&#8243; gradient_direction=&#8221;left_to_right&#8221; shape_divider_position=&#8221;bottom&#8221; bg_image_animation=&#8221;none&#8221;&#8230;<\/p>\n","protected":false},"author":29,"featured_media":0,"parent":0,"menu_order":0,"comment_status":"closed","ping_status":"closed","template":"","meta":{"content-type":"","phrase_has_initial_content_push":false,"inline_featured_image":false,"footnotes":""},"class_list":["post-42315","page","type-page","status-publish"],"yoast_head":"<!-- This site is optimized with the Yoast SEO plugin v27.3 - https:\/\/yoast.com\/product\/yoast-seo-wordpress\/ -->\n<title>Not\u00edcias - Console Connect<\/title>\n<meta name=\"description\" content=\"Todas as \u00faltimas not\u00edcias e opini\u00f5es sobre redes definidas por software, conectividade na nuvem e interliga\u00e7\u00e3o da Console Connect.\" \/>\n<meta name=\"robots\" content=\"index, follow, max-snippet:-1, max-image-preview:large, max-video-preview:-1\" \/>\n<link rel=\"canonical\" href=\"https:\/\/www.consoleconnect.com\/pt-pt\/noticias\/\" \/>\n<meta property=\"og:locale\" content=\"pt_PT\" \/>\n<meta property=\"og:type\" content=\"article\" \/>\n<meta property=\"og:title\" content=\"Not\u00edcias - Console Connect\" \/>\n<meta property=\"og:description\" content=\"Todas as \u00faltimas not\u00edcias e opini\u00f5es sobre redes definidas por software, conectividade na nuvem e interliga\u00e7\u00e3o da Console Connect.\" \/>\n<meta property=\"og:url\" content=\"https:\/\/www.consoleconnect.com\/pt-pt\/noticias\/\" \/>\n<meta property=\"og:site_name\" content=\"Console Connect\" \/>\n<meta property=\"article:publisher\" content=\"https:\/\/www.facebook.com\/ConsoleConnectInc\" \/>\n<meta property=\"article:modified_time\" content=\"2024-02-06T12:22:57+00:00\" \/>\n<meta name=\"twitter:card\" content=\"summary_large_image\" \/>\n<meta name=\"twitter:site\" content=\"@ConsoleConnect\" \/>\n<meta name=\"twitter:label1\" content=\"Est. reading time\" \/>\n\t<meta name=\"twitter:data1\" content=\"4 minutes\" \/>\n<script type=\"application\/ld+json\" class=\"yoast-schema-graph\">{\"@context\":\"https:\\\/\\\/schema.org\",\"@graph\":[{\"@type\":\"WebPage\",\"@id\":\"https:\\\/\\\/www.consoleconnect.com\\\/pt-pt\\\/noticias\\\/\",\"url\":\"https:\\\/\\\/www.consoleconnect.com\\\/pt-pt\\\/noticias\\\/\",\"name\":\"Not\u00edcias - Console Connect\",\"isPartOf\":{\"@id\":\"https:\\\/\\\/www.consoleconnect.com\\\/#website\"},\"datePublished\":\"2023-03-10T06:17:47+00:00\",\"dateModified\":\"2024-02-06T12:22:57+00:00\",\"description\":\"Todas as \u00faltimas not\u00edcias e opini\u00f5es sobre redes definidas por software, conectividade na nuvem e interliga\u00e7\u00e3o da Console Connect.\",\"breadcrumb\":{\"@id\":\"https:\\\/\\\/www.consoleconnect.com\\\/pt-pt\\\/noticias\\\/#breadcrumb\"},\"inLanguage\":\"pt-PT\",\"potentialAction\":[{\"@type\":\"ReadAction\",\"target\":[\"https:\\\/\\\/www.consoleconnect.com\\\/pt-pt\\\/noticias\\\/\"]}]},{\"@type\":\"BreadcrumbList\",\"@id\":\"https:\\\/\\\/www.consoleconnect.com\\\/pt-pt\\\/noticias\\\/#breadcrumb\",\"itemListElement\":[{\"@type\":\"ListItem\",\"position\":1,\"name\":\"Home\",\"item\":\"https:\\\/\\\/www.consoleconnect.com\\\/pt-pt\\\/\"},{\"@type\":\"ListItem\",\"position\":2,\"name\":\"Not\u00edcias\"}]},{\"@type\":\"WebSite\",\"@id\":\"https:\\\/\\\/www.consoleconnect.com\\\/#website\",\"url\":\"https:\\\/\\\/www.consoleconnect.com\\\/\",\"name\":\"Console Connect by PCCW Global\",\"description\":\"Software-Defined Interconnection made easy\",\"publisher\":{\"@id\":\"https:\\\/\\\/www.consoleconnect.com\\\/#organization\"},\"potentialAction\":[{\"@type\":\"SearchAction\",\"target\":{\"@type\":\"EntryPoint\",\"urlTemplate\":\"https:\\\/\\\/www.consoleconnect.com\\\/?s={search_term_string}\"},\"query-input\":{\"@type\":\"PropertyValueSpecification\",\"valueRequired\":true,\"valueName\":\"search_term_string\"}}],\"inLanguage\":\"pt-PT\"},{\"@type\":\"Organization\",\"@id\":\"https:\\\/\\\/www.consoleconnect.com\\\/#organization\",\"name\":\"Console Connect by PCCW Global\",\"url\":\"https:\\\/\\\/www.consoleconnect.com\\\/\",\"logo\":{\"@type\":\"ImageObject\",\"inLanguage\":\"pt-PT\",\"@id\":\"https:\\\/\\\/www.consoleconnect.com\\\/#\\\/schema\\\/logo\\\/image\\\/\",\"url\":\"https:\\\/\\\/www.consoleconnect.com\\\/wp-content\\\/uploads\\\/2018\\\/03\\\/logo-with-wordmark-by-PCCW.svg\",\"contentUrl\":\"https:\\\/\\\/www.consoleconnect.com\\\/wp-content\\\/uploads\\\/2018\\\/03\\\/logo-with-wordmark-by-PCCW.svg\",\"width\":1,\"height\":1,\"caption\":\"Console Connect by PCCW Global\"},\"image\":{\"@id\":\"https:\\\/\\\/www.consoleconnect.com\\\/#\\\/schema\\\/logo\\\/image\\\/\"},\"sameAs\":[\"https:\\\/\\\/www.facebook.com\\\/ConsoleConnectInc\",\"https:\\\/\\\/x.com\\\/ConsoleConnect\",\"https:\\\/\\\/www.linkedin.com\\\/company\\\/console-inc-\\\/\"]}]}<\/script>\n<!-- \/ Yoast SEO plugin. -->","yoast_head_json":{"title":"Not\u00edcias - Console Connect","description":"Todas as \u00faltimas not\u00edcias e opini\u00f5es sobre redes definidas por software, conectividade na nuvem e interliga\u00e7\u00e3o da Console Connect.","robots":{"index":"index","follow":"follow","max-snippet":"max-snippet:-1","max-image-preview":"max-image-preview:large","max-video-preview":"max-video-preview:-1"},"canonical":"https:\/\/www.consoleconnect.com\/pt-pt\/noticias\/","og_locale":"pt_PT","og_type":"article","og_title":"Not\u00edcias - Console Connect","og_description":"Todas as \u00faltimas not\u00edcias e opini\u00f5es sobre redes definidas por software, conectividade na nuvem e interliga\u00e7\u00e3o da Console Connect.","og_url":"https:\/\/www.consoleconnect.com\/pt-pt\/noticias\/","og_site_name":"Console Connect","article_publisher":"https:\/\/www.facebook.com\/ConsoleConnectInc","article_modified_time":"2024-02-06T12:22:57+00:00","twitter_card":"summary_large_image","twitter_site":"@ConsoleConnect","twitter_misc":{"Est. reading time":"4 minutes"},"schema":{"@context":"https:\/\/schema.org","@graph":[{"@type":"WebPage","@id":"https:\/\/www.consoleconnect.com\/pt-pt\/noticias\/","url":"https:\/\/www.consoleconnect.com\/pt-pt\/noticias\/","name":"Not\u00edcias - Console Connect","isPartOf":{"@id":"https:\/\/www.consoleconnect.com\/#website"},"datePublished":"2023-03-10T06:17:47+00:00","dateModified":"2024-02-06T12:22:57+00:00","description":"Todas as \u00faltimas not\u00edcias e opini\u00f5es sobre redes definidas por software, conectividade na nuvem e interliga\u00e7\u00e3o da Console Connect.","breadcrumb":{"@id":"https:\/\/www.consoleconnect.com\/pt-pt\/noticias\/#breadcrumb"},"inLanguage":"pt-PT","potentialAction":[{"@type":"ReadAction","target":["https:\/\/www.consoleconnect.com\/pt-pt\/noticias\/"]}]},{"@type":"BreadcrumbList","@id":"https:\/\/www.consoleconnect.com\/pt-pt\/noticias\/#breadcrumb","itemListElement":[{"@type":"ListItem","position":1,"name":"Home","item":"https:\/\/www.consoleconnect.com\/pt-pt\/"},{"@type":"ListItem","position":2,"name":"Not\u00edcias"}]},{"@type":"WebSite","@id":"https:\/\/www.consoleconnect.com\/#website","url":"https:\/\/www.consoleconnect.com\/","name":"Console Connect by PCCW Global","description":"Software-Defined Interconnection made easy","publisher":{"@id":"https:\/\/www.consoleconnect.com\/#organization"},"potentialAction":[{"@type":"SearchAction","target":{"@type":"EntryPoint","urlTemplate":"https:\/\/www.consoleconnect.com\/?s={search_term_string}"},"query-input":{"@type":"PropertyValueSpecification","valueRequired":true,"valueName":"search_term_string"}}],"inLanguage":"pt-PT"},{"@type":"Organization","@id":"https:\/\/www.consoleconnect.com\/#organization","name":"Console Connect by PCCW Global","url":"https:\/\/www.consoleconnect.com\/","logo":{"@type":"ImageObject","inLanguage":"pt-PT","@id":"https:\/\/www.consoleconnect.com\/#\/schema\/logo\/image\/","url":"https:\/\/www.consoleconnect.com\/wp-content\/uploads\/2018\/03\/logo-with-wordmark-by-PCCW.svg","contentUrl":"https:\/\/www.consoleconnect.com\/wp-content\/uploads\/2018\/03\/logo-with-wordmark-by-PCCW.svg","width":1,"height":1,"caption":"Console Connect by PCCW Global"},"image":{"@id":"https:\/\/www.consoleconnect.com\/#\/schema\/logo\/image\/"},"sameAs":["https:\/\/www.facebook.com\/ConsoleConnectInc","https:\/\/x.com\/ConsoleConnect","https:\/\/www.linkedin.com\/company\/console-inc-\/"]}]}},"_links":{"self":[{"href":"https:\/\/www.consoleconnect.com\/pt-pt\/wp-json\/wp\/v2\/pages\/42315","targetHints":{"allow":["GET"]}}],"collection":[{"href":"https:\/\/www.consoleconnect.com\/pt-pt\/wp-json\/wp\/v2\/pages"}],"about":[{"href":"https:\/\/www.consoleconnect.com\/pt-pt\/wp-json\/wp\/v2\/types\/page"}],"author":[{"embeddable":true,"href":"https:\/\/www.consoleconnect.com\/pt-pt\/wp-json\/wp\/v2\/users\/29"}],"replies":[{"embeddable":true,"href":"https:\/\/www.consoleconnect.com\/pt-pt\/wp-json\/wp\/v2\/comments?post=42315"}],"version-history":[{"count":0,"href":"https:\/\/www.consoleconnect.com\/pt-pt\/wp-json\/wp\/v2\/pages\/42315\/revisions"}],"wp:attachment":[{"href":"https:\/\/www.consoleconnect.com\/pt-pt\/wp-json\/wp\/v2\/media?parent=42315"}],"curies":[{"name":"wp","href":"https:\/\/api.w.org\/{rel}","templated":true}]}}